{"id":78,"date":"2023-09-28T11:56:53","date_gmt":"2023-09-28T11:56:53","guid":{"rendered":"http:\/\/endikadiaz.com\/?page_id=78"},"modified":"2026-04-02T08:05:42","modified_gmt":"2026-04-02T08:05:42","slug":"info","status":"publish","type":"page","link":"http:\/\/endikadiaz.com\/index.php\/info\/","title":{"rendered":"Info"},"content":{"rendered":"\t\t<div data-elementor-type=\"wp-page\" data-elementor-id=\"78\" class=\"elementor elementor-78\" data-elementor-post-type=\"page\">\n\t\t\t\t<div class=\"elementor-element elementor-element-227e0d8 e-con-full e-transform e-flex e-con e-parent\" data-id=\"227e0d8\" data-element_type=\"container\" data-settings=\"{&quot;_transform_translateY_effect&quot;:{&quot;unit&quot;:&quot;px&quot;,&quot;size&quot;:-78,&quot;sizes&quot;:[]},&quot;_transform_translateX_effect&quot;:{&quot;unit&quot;:&quot;px&quot;,&quot;size&quot;:&quot;&quot;,&quot;sizes&quot;:[]},&quot;_transform_translateX_effect_tablet&quot;:{&quot;unit&quot;:&quot;px&quot;,&quot;size&quot;:&quot;&quot;,&quot;sizes&quot;:[]},&quot;_transform_translateX_effect_mobile&quot;:{&quot;unit&quot;:&quot;px&quot;,&quot;size&quot;:&quot;&quot;,&quot;sizes&quot;:[]},&quot;_transform_translateY_effect_tablet&quot;:{&quot;unit&quot;:&quot;px&quot;,&quot;size&quot;:&quot;&quot;,&quot;sizes&quot;:[]},&quot;_transform_translateY_effect_mobile&quot;:{&quot;unit&quot;:&quot;px&quot;,&quot;size&quot;:&quot;&quot;,&quot;sizes&quot;:[]}}\">\n\t\t<div class=\"elementor-element elementor-element-4bcb6ce e-con-full e-flex e-con e-child\" data-id=\"4bcb6ce\" data-element_type=\"container\">\n\t\t\t\t<div class=\"elementor-element elementor-element-0d54d97 e-transform elementor-widget__width-initial e-transform elementor-widget elementor-widget-image\" data-id=\"0d54d97\" data-element_type=\"widget\" data-settings=\"{&quot;_transform_translateY_effect&quot;:{&quot;unit&quot;:&quot;px&quot;,&quot;size&quot;:-35,&quot;sizes&quot;:[]},&quot;_transform_translateX_effect&quot;:{&quot;unit&quot;:&quot;px&quot;,&quot;size&quot;:0,&quot;sizes&quot;:[]},&quot;_transform_scale_effect&quot;:{&quot;unit&quot;:&quot;px&quot;,&quot;size&quot;:0.9,&quot;sizes&quot;:[]},&quot;_transform_translateX_effect_tablet&quot;:{&quot;unit&quot;:&quot;px&quot;,&quot;size&quot;:&quot;&quot;,&quot;sizes&quot;:[]},&quot;_transform_translateX_effect_mobile&quot;:{&quot;unit&quot;:&quot;px&quot;,&quot;size&quot;:&quot;&quot;,&quot;sizes&quot;:[]},&quot;_transform_translateY_effect_tablet&quot;:{&quot;unit&quot;:&quot;px&quot;,&quot;size&quot;:&quot;&quot;,&quot;sizes&quot;:[]},&quot;_transform_translateY_effect_mobile&quot;:{&quot;unit&quot;:&quot;px&quot;,&quot;size&quot;:&quot;&quot;,&quot;sizes&quot;:[]},&quot;_transform_scale_effect_tablet&quot;:{&quot;unit&quot;:&quot;px&quot;,&quot;size&quot;:&quot;&quot;,&quot;sizes&quot;:[]},&quot;_transform_scale_effect_mobile&quot;:{&quot;unit&quot;:&quot;px&quot;,&quot;size&quot;:&quot;&quot;,&quot;sizes&quot;:[]}}\" data-widget_type=\"image.default\">\n\t\t\t\t<div class=\"elementor-widget-container\">\n\t\t\t\t\t\t\t\t\t\t\t\t\t\t\t<img fetchpriority=\"high\" decoding=\"async\" width=\"576\" height=\"1024\" src=\"http:\/\/endikadiaz.com\/wp-content\/uploads\/2024\/02\/DSC9609-576x1024.jpg\" class=\"attachment-large size-large wp-image-715\" alt=\"\" srcset=\"http:\/\/endikadiaz.com\/wp-content\/uploads\/2024\/02\/DSC9609-576x1024.jpg 576w, http:\/\/endikadiaz.com\/wp-content\/uploads\/2024\/02\/DSC9609-169x300.jpg 169w, http:\/\/endikadiaz.com\/wp-content\/uploads\/2024\/02\/DSC9609-768x1367.jpg 768w, http:\/\/endikadiaz.com\/wp-content\/uploads\/2024\/02\/DSC9609-863x1536.jpg 863w, http:\/\/endikadiaz.com\/wp-content\/uploads\/2024\/02\/DSC9609-1151x2048.jpg 1151w, http:\/\/endikadiaz.com\/wp-content\/uploads\/2024\/02\/DSC9609-2000x3559.jpg 2000w, http:\/\/endikadiaz.com\/wp-content\/uploads\/2024\/02\/DSC9609-600x1068.jpg 600w, http:\/\/endikadiaz.com\/wp-content\/uploads\/2024\/02\/DSC9609-1200x2135.jpg 1200w, http:\/\/endikadiaz.com\/wp-content\/uploads\/2024\/02\/DSC9609-scaled.jpg 1439w\" sizes=\"100vw\" \/>\t\t\t\t\t\t\t\t\t\t\t\t\t\t\t<\/div>\n\t\t\t\t<\/div>\n\t\t\t\t<\/div>\n\t\t<div class=\"elementor-element elementor-element-6536641 e-con-full e-flex e-con e-child\" data-id=\"6536641\" data-element_type=\"container\">\n\t\t\t\t<div class=\"elementor-element elementor-element-2b8ac4e elementor-widget__width-initial elementor-widget elementor-widget-image-box\" data-id=\"2b8ac4e\" data-element_type=\"widget\" data-widget_type=\"image-box.default\">\n\t\t\t\t<div class=\"elementor-widget-container\">\n\t\t\t\t\t<div class=\"elementor-image-box-wrapper\"><div class=\"elementor-image-box-content\"><p class=\"elementor-image-box-description\"><p>Nacido en Amurrio y de familia galega, concretamente de un maravilloso pueblo de la Mari\u00f1a Lucense llamado Viveiro, Endika D\u00edaz comenz\u00f3 a realizar fotograf\u00eda para aliviar la angustia que le ocasionaba el ritmo fren\u00e9tico del paso del tiempo.\n\n<p>Como fot\u00f3grafo, al autor le conmueven los trabajos introspectivos y la fotograf\u00eda de espacios, especialmente la de aquellos espacios en los que han ocurrido sucesos relevantes y\/o dram\u00e1ticos.\n\n<p>Endika estudi\u00f3 fotograf\u00eda como alumno de la escuela Jard\u00edn Remoto dirigida por Gustavo Bravo, mientras que ha continuado complementando su formaci\u00f3n con cursos y talleres, como el curso de Direcci\u00f3n de Proyecto Fotogr\u00e1fico impartido por F\u00e9lix Guerra en la UNED y\/o el taller de narrativa visual impartido por Josu Zaldibar en Blackkamera.\n\n<p>En 2024 result\u00f3 ganador de la primera edici\u00f3n del festival Euskal Herria Argazkia con el proyecto \"Arde la niebla\"<\/p><\/div><\/div>\t\t\t\t<\/div>\n\t\t\t\t<\/div>\n\t\t\t\t<\/div>\n\t\t<div class=\"elementor-element elementor-element-8486e15 e-con-full e-flex e-con e-child\" data-id=\"8486e15\" data-element_type=\"container\">\n\t\t\t\t<div class=\"elementor-element elementor-element-ee7ff73 elementor-grid-1 e-transform elementor-shape-rounded e-grid-align-center elementor-widget elementor-widget-social-icons\" data-id=\"ee7ff73\" data-element_type=\"widget\" data-settings=\"{&quot;_transform_translateY_effect&quot;:{&quot;unit&quot;:&quot;px&quot;,&quot;size&quot;:23,&quot;sizes&quot;:[]},&quot;_transform_translateX_effect&quot;:{&quot;unit&quot;:&quot;px&quot;,&quot;size&quot;:&quot;&quot;,&quot;sizes&quot;:[]},&quot;_transform_translateX_effect_tablet&quot;:{&quot;unit&quot;:&quot;px&quot;,&quot;size&quot;:&quot;&quot;,&quot;sizes&quot;:[]},&quot;_transform_translateX_effect_mobile&quot;:{&quot;unit&quot;:&quot;px&quot;,&quot;size&quot;:&quot;&quot;,&quot;sizes&quot;:[]},&quot;_transform_translateY_effect_tablet&quot;:{&quot;unit&quot;:&quot;px&quot;,&quot;size&quot;:&quot;&quot;,&quot;sizes&quot;:[]},&quot;_transform_translateY_effect_mobile&quot;:{&quot;unit&quot;:&quot;px&quot;,&quot;size&quot;:&quot;&quot;,&quot;sizes&quot;:[]}}\" data-widget_type=\"social-icons.default\">\n\t\t\t\t<div class=\"elementor-widget-container\">\n\t\t\t\t\t\t\t<div class=\"elementor-social-icons-wrapper elementor-grid\" role=\"list\">\n\t\t\t\t\t\t\t<span class=\"elementor-grid-item\" role=\"listitem\">\n\t\t\t\t\t<a class=\"elementor-icon elementor-social-icon elementor-social-icon-instagram elementor-repeater-item-9bbe46e\" href=\"https:\/\/www.instagram.com\/endikadiazfoto\/\" target=\"_blank\">\n\t\t\t\t\t\t<span class=\"elementor-screen-only\">Instagram<\/span>\n\t\t\t\t\t\t<i aria-hidden=\"true\" class=\"fab fa-instagram\"><\/i>\t\t\t\t\t<\/a>\n\t\t\t\t<\/span>\n\t\t\t\t\t\t\t<span class=\"elementor-grid-item\" role=\"listitem\">\n\t\t\t\t\t<a class=\"elementor-icon elementor-social-icon elementor-social-icon-facebook elementor-repeater-item-a8b8639\" href=\"https:\/\/www.facebook.com\/endika.diazgarcia\/\" target=\"_blank\">\n\t\t\t\t\t\t<span class=\"elementor-screen-only\">Facebook<\/span>\n\t\t\t\t\t\t<i aria-hidden=\"true\" class=\"fab fa-facebook\"><\/i>\t\t\t\t\t<\/a>\n\t\t\t\t<\/span>\n\t\t\t\t\t\t\t<span class=\"elementor-grid-item\" role=\"listitem\">\n\t\t\t\t\t<a class=\"elementor-icon elementor-social-icon elementor-social-icon-youtube elementor-repeater-item-84e0605\" href=\"https:\/\/www.youtube.com\/channel\/UCUAs8CqTE7k2N_zJkiQ7Syw\" target=\"_blank\">\n\t\t\t\t\t\t<span class=\"elementor-screen-only\">Youtube<\/span>\n\t\t\t\t\t\t<i aria-hidden=\"true\" class=\"fab fa-youtube\"><\/i>\t\t\t\t\t<\/a>\n\t\t\t\t<\/span>\n\t\t\t\t\t\t\t<span class=\"elementor-grid-item\" role=\"listitem\">\n\t\t\t\t\t<a class=\"elementor-icon elementor-social-icon elementor-social-icon-envelope elementor-repeater-item-6eb8763\" href=\"mailto:endikadiaz9985@gmail.com\" target=\"_blank\">\n\t\t\t\t\t\t<span class=\"elementor-screen-only\">Envelope<\/span>\n\t\t\t\t\t\t<i aria-hidden=\"true\" class=\"fas fa-envelope\"><\/i>\t\t\t\t\t<\/a>\n\t\t\t\t<\/span>\n\t\t\t\t\t<\/div>\n\t\t\t\t\t\t<\/div>\n\t\t\t\t<\/div>\n\t\t\t\t<\/div>\n\t\t\t\t<\/div>\n\t\t\t\t<\/div>\n\t\t","protected":false},"excerpt":{"rendered":"<p>Nacido en Amurrio y de familia galega, concretamente de un maravilloso pueblo de la Mari\u00f1a Lucense llamado Viveiro, Endika D\u00edaz comenz\u00f3 a realizar fotograf\u00eda para aliviar la angustia que le ocasionaba el ritmo fren\u00e9tico del paso del tiempo. Como fot\u00f3grafo, al autor le conmueven los trabajos introspectivos y la fotograf\u00eda de espacios, especialmente la de &hellip; <\/p>\n<p class=\"link-more\"><a href=\"http:\/\/endikadiaz.com\/index.php\/info\/\" class=\"more-link\">Leer m\u00e1s<span class=\"screen-reader-text\"> \u00abInfo\u00bb<\/span><\/a><\/p>\n","protected":false},"author":1,"featured_media":0,"parent":0,"menu_order":0,"comment_status":"closed","ping_status":"closed","template":"","meta":{"footnotes":""},"class_list":["post-78","page","type-page","status-publish","hentry"],"jetpack_sharing_enabled":true,"featured_media_urls":[],"_links":{"self":[{"href":"http:\/\/endikadiaz.com\/index.php\/wp-json\/wp\/v2\/pages\/78","targetHints":{"allow":["GET"]}}],"collection":[{"href":"http:\/\/endikadiaz.com\/index.php\/wp-json\/wp\/v2\/pages"}],"about":[{"href":"http:\/\/endikadiaz.com\/index.php\/wp-json\/wp\/v2\/types\/page"}],"author":[{"embeddable":true,"href":"http:\/\/endikadiaz.com\/index.php\/wp-json\/wp\/v2\/users\/1"}],"replies":[{"embeddable":true,"href":"http:\/\/endikadiaz.com\/index.php\/wp-json\/wp\/v2\/comments?post=78"}],"version-history":[{"count":131,"href":"http:\/\/endikadiaz.com\/index.php\/wp-json\/wp\/v2\/pages\/78\/revisions"}],"predecessor-version":[{"id":1232,"href":"http:\/\/endikadiaz.com\/index.php\/wp-json\/wp\/v2\/pages\/78\/revisions\/1232"}],"wp:attachment":[{"href":"http:\/\/endikadiaz.com\/index.php\/wp-json\/wp\/v2\/media?parent=78"}],"curies":[{"name":"wp","href":"https:\/\/api.w.org\/{rel}","templated":true}]}}