{"id":452,"date":"2023-11-07T12:52:53","date_gmt":"2023-11-07T12:52:53","guid":{"rendered":"https:\/\/endikadiaz.com\/?page_id=452"},"modified":"2026-04-02T08:07:24","modified_gmt":"2026-04-02T08:07:24","slug":"elementor-452","status":"publish","type":"page","link":"http:\/\/endikadiaz.com\/index.php\/elementor-452\/","title":{"rendered":"Exposiciones"},"content":{"rendered":"\t\t<div data-elementor-type=\"wp-page\" data-elementor-id=\"452\" class=\"elementor elementor-452\" data-elementor-post-type=\"page\">\n\t\t\t\t<div class=\"elementor-element elementor-element-93c2bf5 e-transform e-flex e-con-boxed e-con e-parent\" data-id=\"93c2bf5\" data-element_type=\"container\" data-settings=\"{&quot;_transform_translateY_effect&quot;:{&quot;unit&quot;:&quot;px&quot;,&quot;size&quot;:-64,&quot;sizes&quot;:[]},&quot;_transform_translateX_effect&quot;:{&quot;unit&quot;:&quot;px&quot;,&quot;size&quot;:&quot;&quot;,&quot;sizes&quot;:[]},&quot;_transform_translateX_effect_tablet&quot;:{&quot;unit&quot;:&quot;px&quot;,&quot;size&quot;:&quot;&quot;,&quot;sizes&quot;:[]},&quot;_transform_translateX_effect_mobile&quot;:{&quot;unit&quot;:&quot;px&quot;,&quot;size&quot;:&quot;&quot;,&quot;sizes&quot;:[]},&quot;_transform_translateY_effect_tablet&quot;:{&quot;unit&quot;:&quot;px&quot;,&quot;size&quot;:&quot;&quot;,&quot;sizes&quot;:[]},&quot;_transform_translateY_effect_mobile&quot;:{&quot;unit&quot;:&quot;px&quot;,&quot;size&quot;:&quot;&quot;,&quot;sizes&quot;:[]}}\">\n\t\t\t\t\t<div class=\"e-con-inner\">\n\t\t\t\t<div class=\"elementor-element elementor-element-7ae4639 elementor-position-left e-transform e-transform elementor-vertical-align-middle elementor-widget elementor-widget-image-box\" data-id=\"7ae4639\" data-element_type=\"widget\" data-settings=\"{&quot;_transform_translateX_effect&quot;:{&quot;unit&quot;:&quot;px&quot;,&quot;size&quot;:12,&quot;sizes&quot;:[]},&quot;_transform_scale_effect&quot;:{&quot;unit&quot;:&quot;px&quot;,&quot;size&quot;:0.9,&quot;sizes&quot;:[]},&quot;_transform_translateY_effect&quot;:{&quot;unit&quot;:&quot;px&quot;,&quot;size&quot;:-24,&quot;sizes&quot;:[]},&quot;_transform_translateX_effect_tablet&quot;:{&quot;unit&quot;:&quot;px&quot;,&quot;size&quot;:&quot;&quot;,&quot;sizes&quot;:[]},&quot;_transform_translateX_effect_mobile&quot;:{&quot;unit&quot;:&quot;px&quot;,&quot;size&quot;:&quot;&quot;,&quot;sizes&quot;:[]},&quot;_transform_translateY_effect_tablet&quot;:{&quot;unit&quot;:&quot;px&quot;,&quot;size&quot;:&quot;&quot;,&quot;sizes&quot;:[]},&quot;_transform_translateY_effect_mobile&quot;:{&quot;unit&quot;:&quot;px&quot;,&quot;size&quot;:&quot;&quot;,&quot;sizes&quot;:[]},&quot;_transform_scale_effect_tablet&quot;:{&quot;unit&quot;:&quot;px&quot;,&quot;size&quot;:&quot;&quot;,&quot;sizes&quot;:[]},&quot;_transform_scale_effect_mobile&quot;:{&quot;unit&quot;:&quot;px&quot;,&quot;size&quot;:&quot;&quot;,&quot;sizes&quot;:[]}}\" data-widget_type=\"image-box.default\">\n\t\t\t\t<div class=\"elementor-widget-container\">\n\t\t\t\t\t<div class=\"elementor-image-box-wrapper\"><figure class=\"elementor-image-box-img\"><img fetchpriority=\"high\" decoding=\"async\" width=\"1200\" height=\"800\" src=\"http:\/\/endikadiaz.com\/wp-content\/uploads\/2025\/03\/Arde_la_niebla_La_Casona-13-scaled.jpg\" class=\"attachment-portfolio_item-thumbnail_portrait@2x size-portfolio_item-thumbnail_portrait@2x wp-image-944\" alt=\"\" srcset=\"http:\/\/endikadiaz.com\/wp-content\/uploads\/2025\/03\/Arde_la_niebla_La_Casona-13-scaled.jpg 2560w, http:\/\/endikadiaz.com\/wp-content\/uploads\/2025\/03\/Arde_la_niebla_La_Casona-13-300x200.jpg 300w, http:\/\/endikadiaz.com\/wp-content\/uploads\/2025\/03\/Arde_la_niebla_La_Casona-13-1024x683.jpg 1024w, http:\/\/endikadiaz.com\/wp-content\/uploads\/2025\/03\/Arde_la_niebla_La_Casona-13-768x512.jpg 768w, http:\/\/endikadiaz.com\/wp-content\/uploads\/2025\/03\/Arde_la_niebla_La_Casona-13-1536x1024.jpg 1536w, http:\/\/endikadiaz.com\/wp-content\/uploads\/2025\/03\/Arde_la_niebla_La_Casona-13-2048x1365.jpg 2048w, http:\/\/endikadiaz.com\/wp-content\/uploads\/2025\/03\/Arde_la_niebla_La_Casona-13-2000x1333.jpg 2000w\" sizes=\"(max-width: 1200px) 100vw, 1200px\" \/><\/figure><div class=\"elementor-image-box-content\"><p class=\"elementor-image-box-description\"><p>Exposici\u00f3n del proyecto 'Arde la Niebla' en el Museo de Ordu\u00f1a, Bizkaia.<p>Exposici\u00f3n del proyecto 'Arde la Niebla' en La Casona de Amurrio, producida por el Ayuntamiento de Amurrio.<p style=\"text-align: start\"><p style=\"text-align: start\"><p>Miembro de la exposici\u00f3n del Primer Festival de fotograf\u00eda Euskal Herria Argazkia con el proyecto 'Arde la Niebla'.<p style=\"text-align: start\"><p>Miembro de la exposici\u00f3n de Arabaclick 2023 con el ensayo fotogr\u00e1fico \"Recuerdo\".\n<p style=\"text-align: start\"><p>Tambi\u00e9n en 2023, particip\u00f3 con los d\u00edpticos 'Ed\u00e9n' y 'Balbina' en la exposici\u00f3n 'Deapares' de la Sala de Exposiciones de Ibercaja (Logro\u00f1o) promovida por Faula.\n<p style=\"text-align: start\"><p>Miembro de la exposici\u00f3n de Arabaclick 2022 con el ensayo \"Mis Miedos. Parte 1: Volar Bajo\"\n<\/p><\/div><\/div>\t\t\t\t<\/div>\n\t\t\t\t<\/div>\n\t\t\t\t\t<\/div>\n\t\t\t\t<\/div>\n\t\t\t\t<\/div>\n\t\t","protected":false},"excerpt":{"rendered":"<p>Exposici\u00f3n del proyecto &#8216;Arde la Niebla&#8217; en el Museo de Ordu\u00f1a, Bizkaia. Exposici\u00f3n del proyecto &#8216;Arde la Niebla&#8217; en La Casona de Amurrio, producida por el Ayuntamiento de Amurrio. Miembro de la exposici\u00f3n del Primer Festival de fotograf\u00eda Euskal Herria Argazkia con el proyecto &#8216;Arde la Niebla&#8217;. Miembro de la exposici\u00f3n de Arabaclick 2023 con &hellip; <\/p>\n<p class=\"link-more\"><a href=\"http:\/\/endikadiaz.com\/index.php\/elementor-452\/\" class=\"more-link\">Leer m\u00e1s<span class=\"screen-reader-text\"> \u00abExposiciones\u00bb<\/span><\/a><\/p>\n","protected":false},"author":1,"featured_media":0,"parent":0,"menu_order":0,"comment_status":"closed","ping_status":"closed","template":"","meta":{"footnotes":""},"class_list":["post-452","page","type-page","status-publish","hentry"],"jetpack_sharing_enabled":true,"featured_media_urls":[],"_links":{"self":[{"href":"http:\/\/endikadiaz.com\/index.php\/wp-json\/wp\/v2\/pages\/452","targetHints":{"allow":["GET"]}}],"collection":[{"href":"http:\/\/endikadiaz.com\/index.php\/wp-json\/wp\/v2\/pages"}],"about":[{"href":"http:\/\/endikadiaz.com\/index.php\/wp-json\/wp\/v2\/types\/page"}],"author":[{"embeddable":true,"href":"http:\/\/endikadiaz.com\/index.php\/wp-json\/wp\/v2\/users\/1"}],"replies":[{"embeddable":true,"href":"http:\/\/endikadiaz.com\/index.php\/wp-json\/wp\/v2\/comments?post=452"}],"version-history":[{"count":71,"href":"http:\/\/endikadiaz.com\/index.php\/wp-json\/wp\/v2\/pages\/452\/revisions"}],"predecessor-version":[{"id":1238,"href":"http:\/\/endikadiaz.com\/index.php\/wp-json\/wp\/v2\/pages\/452\/revisions\/1238"}],"wp:attachment":[{"href":"http:\/\/endikadiaz.com\/index.php\/wp-json\/wp\/v2\/media?parent=452"}],"curies":[{"name":"wp","href":"https:\/\/api.w.org\/{rel}","templated":true}]}}